{"id":3943,"date":"2025-05-12T07:13:45","date_gmt":"2025-05-12T07:13:45","guid":{"rendered":"https:\/\/comoencasabadajoz.com\/?page_id=3943"},"modified":"2026-04-13T07:26:24","modified_gmt":"2026-04-13T07:26:24","slug":"politica-de-privacidad-2","status":"publish","type":"page","link":"https:\/\/comoencasabadajoz.com\/index.php\/politica-de-privacidad-2\/","title":{"rendered":"POL\u00cdTICA DE PRIVACIDAD\u00a0"},"content":{"rendered":"\n<div style=\"height:50px\" aria-hidden=\"true\" class=\"wp-block-spacer\"><\/div>\n\n\n\n<p class=\"has-large-font-size\"><strong>POL\u00cdTICA DE PRIVACIDAD&nbsp;<\/strong><\/p>\n\n\n\n<div style=\"height:30px\" aria-hidden=\"true\" class=\"wp-block-spacer\"><\/div>\n\n\n\n<p>Esta Pol\u00edtica de Privacidad est\u00e1 adaptada a la normativa espa\u00f1ola y europea vigente en materia de protecci\u00f3n de datos personales en internet. En concreto:<\/p>\n\n\n\n<ul class=\"wp-block-list\">\n<li>El Reglamento (UE) 2016\/679 del Parlamento Europeo y del Consejo, de 27 de abril de 2016, relativo a la protecci\u00f3n de las personas f\u00edsicas en lo que respecta al tratamiento de datos personales y a la libre circulaci\u00f3n de estos datos (RGPD).<\/li>\n\n\n\n<li>La Ley Org\u00e1nica 3\/2018, de 5 de diciembre, de Protecci\u00f3n de Datos Personales y garant\u00eda de los derechos digitales (LOPDGDD).<\/li>\n\n\n\n<li>La Ley 34\/2002, de 11 de julio, de Servicios de la Sociedad de la Informaci\u00f3n y de Comercio Electr\u00f3nico (LSSICE).<\/li>\n<\/ul>\n\n\n\n<p>CAREHO 2022 SL (en delante COMOENCASA) informa de su Pol\u00edtica de Privacidad, con el fin de hacer conocedores a los usuarios sobre el tratamiento de sus datos, as\u00ed como de los principios fundamentales sobre protecci\u00f3n de datos personales que aplica.\u00a0<\/p>\n\n\n\n<p>El usuario debe leer con detenimiento esta Pol\u00edtica de Privacidad, al objeto de informarse sobre las normas y pr\u00e1cticas que hemos elaborado para proteger los datos personales, y para conocer mejor nuestras relaciones con terceros que pudieran tener acceso a tales datos.<\/p>\n\n\n\n<p>En cualquier caso, el usuario es el \u00fanico responsable de la informaci\u00f3n que proporcione en el sitio web, y si en un futuro COMOENCASA desease utilizarla para fines distintos de los referidos, le informar\u00e1 de estos nuevos fines y solicitar\u00e1 su consentimiento, si fuera preciso.<\/p>\n\n\n\n<p>Al utilizar nuestro sitio web, el usuario admite que ha le\u00eddo y acepta esta Pol\u00edtica de Privacidad, nuestra Pol\u00edtica de Cookies, y nuestro Aviso Legal.<\/p>\n\n\n\n<ul class=\"wp-block-list\">\n<li><strong>RESPONSABLE DEL TRATAMIENTO&nbsp;<\/strong><\/li>\n\n\n\n<li>Responsable: CAREHO 2022 SL\u00a0 CIF: B09823949<\/li>\n\n\n\n<li>Domicilio Social: Avd. Col\u00f3n,20. 06005 Badajoz<\/li>\n\n\n\n<li>Tel\u00e9fono: 687524275<\/li>\n\n\n\n<li>E-mail: info@comoencasabadajoz.com&nbsp;<\/li>\n\n\n\n<li><strong>\u00bfCON QUE FINALIDAD Y LEGITIMACI\u00d3N TRATAMOS LOS DATOS?&nbsp;<\/strong><\/li>\n<\/ul>\n\n\n\n<p>En COMOENCASA podemos tratar los datos personales recabados para las siguientes finalidades:<\/p>\n\n\n\n<ul class=\"wp-block-list\">\n<li>Gesti\u00f3n de consultas y otras peticiones. COMOENCASA realizar\u00e1 aquellos tratamientos de datos necesarios para la atenci\u00f3n de la consulta o petici\u00f3n enviada por parte del usuario a trav\u00e9s de diferentes formularios habilitados en la p\u00e1gina web, y a trav\u00e9s del formulario para la puesta en contacto a trav\u00e9s del chat. Legitimaci\u00f3n: Consentimiento del usuario mediante el marcado de las casillas habilitadas en los formularios de contacto mencionados. Art. 6.1.a) RGPD;<\/li>\n\n\n\n<li>Alta como usuario en nuestra tienda online. Necesitamos tratar sus datos personales, ya que de lo contrario no podr\u00edamos gestionar su registro. Legitimaci\u00f3n: El tratamiento de sus datos es necesario para la ejecuci\u00f3n de un contrato. Art. 6.1.b) RGPD;<\/li>\n<\/ul>\n\n\n\n<p>En el caso de que el usuario elija utilizar el acceso o inicio de sesi\u00f3n a trav\u00e9s de una red social, el motivo por el que estamos legitimados para tratar sus datos es el consentimiento que presta en el momento de autorizar la cesi\u00f3n de sus datos desde la red social. Art. 6.1.a) RGPD;<\/p>\n\n\n\n<ul class=\"wp-block-list\">\n<li>Para procesar y ejecutar un pedido. Legitimaci\u00f3n: El tratamiento de sus datos es necesario para la ejecuci\u00f3n de un contrato. Art. 6.1.b) RGPD;<\/li>\n\n\n\n<li>Remisi\u00f3n por medios electr\u00f3nicos, de informaci\u00f3n acerca de ofertas y promociones sobre productos y servicios ofertados por COMOENCASA. Legitimaci\u00f3n: inter\u00e9s leg\u00edtimo. Art. 6.1.f) RGPD. En el resto de supuestos, as\u00ed como cuando la publicidad sea de terceros, as\u00ed como en la realizaci\u00f3n de perfilado de sus compras para el env\u00edo de ofertas personalizadas, el tratamiento estar\u00e1 basado en el consentimiento que debidamente se le solicitar\u00e1.<\/li>\n\n\n\n<li>Gesti\u00f3n de reclamaciones. Para gestionar de manera centralizada aquellas reclamaciones que el usuario interponga en relaci\u00f3n con los servicios contratados con COMOENCASA. Legitimaci\u00f3n: Este tratamiento es necesario para la ejecuci\u00f3n de un contrato. Art. 6.1.b) RGPD;<\/li>\n\n\n\n<li>Cumplimiento de obligaciones de \u00edndole contable, fiscal, legal y administrativa. Legitimaci\u00f3n: Tratamiento necesario para la ejecuci\u00f3n de un contrato. Art. 6.1.b) RGPD;<\/li>\n\n\n\n<li><strong>TIPOLOG\u00cdA DE LOS DATOS<\/strong><\/li>\n<\/ul>\n\n\n\n<p>Atendiendo a las finalidades antes mencionadas, COMOENCASA trata las siguientes categor\u00edas de datos:<\/p>\n\n\n\n<ul class=\"wp-block-list\">\n<li>Datos personales identificativos: nombre, apellidos, DNI, NIE o documento acreditativo de su identidad, fecha nacimiento, tel\u00e9fono, direcci\u00f3n postal, e-mail.<\/li>\n<\/ul>\n\n\n\n<p>Los datos de car\u00e1cter personal o informaci\u00f3n manejada por COMOENCASA pueden ser obligatorios o voluntarios.<\/p>\n\n\n\n<p>Los datos obligatorios son aquellos que son indispensables para atender su solicitud. Todos los campos marcados con un (*) son de cumplimentaci\u00f3n obligatoria. El usuario garantiza la autenticidad y actualidad de todos aquellos datos que comunique a COMOENCASA, y ser\u00e1 el \u00fanico responsable de las manifestaciones falsas o inexactas que realice.<\/p>\n\n\n\n<p>La informaci\u00f3n voluntaria es aquella que el usuario no est\u00e1 obligado a facilitar para contactar con nosotros.<\/p>\n\n\n\n<p>En el caso de facilitar datos de un tercero por parte del usuario, \u00e9ste manifiesta contar con su consentimiento, y se compromete a trasladarle la informaci\u00f3n contenida en esta Pol\u00edtica de Privacidad con car\u00e1cter previo a su inclusi\u00f3n, eximiendo a COMOENCASA de cualquier responsabilidad en este sentido, y respondiendo personalmente frente a COMOENCASA de cuantos da\u00f1os y perjuicios puedan derivarse en caso de contravenci\u00f3n.<\/p>\n\n\n\n<ul class=\"wp-block-list\">\n<li class=\"has-medium-font-size\"><strong>COMUNICACI\u00d3N DE DATOS<\/strong><\/li>\n<\/ul>\n\n\n\n<p>Los datos personales tratados por COMOENCASA para alcanzar las finalidades detalladas anteriormente podr\u00e1n ser comunicados a los siguientes destinatarios en funci\u00f3n de la base legitimadora de la comunicaci\u00f3n. En virtud de lo anterior, las siguientes comunicaciones de datos persiguen garantizar el correcto desarrollo de la relaci\u00f3n contractual y\/o comercial y dar cumplimiento a obligaciones legales de COMOENCASA:<\/p>\n\n\n\n<p>Las siguientes empresas tendr\u00e1n acceso a la informaci\u00f3n personal necesaria para realizar sus funciones, pero no podr\u00e1n utilizarla para otros fines. Adem\u00e1s, deber\u00e1n tratar la informaci\u00f3n personal de conformidad con la presente Pol\u00edtica de Privacidad y la legislaci\u00f3n aplicable en materia de protecci\u00f3n de datos.<\/p>\n\n\n\n<p>Al margen de las anteriores comunicaciones de datos, COMOENCASA cuenta con la colaboraci\u00f3n de otros terceros proveedores de servicios que tienen acceso a los datos personales de los usuarios \/ clientes, y que tratan los referidos datos en nombre y por cuenta de COMOENCASA como consecuencia de su prestaci\u00f3n de servicios. En concreto, COMOENCASA contratar\u00e1 la prestaci\u00f3n de servicios de terceros que desempe\u00f1an su actividad, a t\u00edtulo enunciativo y no limitativo, en los siguientes sectores: asesoramiento jur\u00eddico, empresas de servicios profesionales multidisciplinares, empresas de servicios tecnol\u00f3gicos y empresas proveedoras de servicios inform\u00e1ticos.<\/p>\n\n\n\n<ul class=\"wp-block-list\">\n<li class=\"has-medium-font-size\"><strong>\u00bfPOR CU\u00c1NTO TIEMPO ALMACENAREMOS SUS DATOS?&nbsp;<\/strong><\/li>\n<\/ul>\n\n\n\n<p>Solo almacenamos la informaci\u00f3n personal del usuario en la medida en que la necesitamos a fin de poder utilizarla seg\u00fan la finalidad por la que fue recabada, y seg\u00fan la base jur\u00eddica del tratamiento de la misma de conformidad con la ley aplicable. Mantendremos su informaci\u00f3n personal mientras exista una relaci\u00f3n contractual y\/o comercial con el usuario, o mientras \u00e9ste no ejerza su derecho de supresi\u00f3n y\/o limitaci\u00f3n del tratamiento de sus datos.<\/p>\n\n\n\n<p>En estos casos, mantendremos la informaci\u00f3n debidamente bloqueada, sin darle ning\u00fan uso, mientras pueda ser necesaria para el ejercicio o defensa de reclamaciones o pueda derivarse alg\u00fan tipo de responsabilidad judicial, legal o contractual de su tratamiento, que deba ser atendida y para lo cual sea necesaria su recuperaci\u00f3n.<\/p>\n\n\n\n<ul class=\"wp-block-list\">\n<li class=\"has-medium-font-size\"><strong>\u00bfCU\u00c1LES SON SUS DERECHOS?<\/strong><\/li>\n<\/ul>\n\n\n\n<p>Cualquier interesado tiene derecho a obtener confirmaci\u00f3n sobre si en COMOENCASA estamos tratando datos personales que les conciernen, o no. Del mismo modo, tal y como queda previsto en el Reglamento General de Protecci\u00f3n de Datos, tiene los siguientes derechos:<\/p>\n\n\n\n<ul class=\"wp-block-list\">\n<li>Acceder a sus datos: tiene derecho a acceder a sus datos para conocer qu\u00e9 datos personales estamos tratando que le conciernen.<\/li>\n\n\n\n<li>Solicitar la rectificaci\u00f3n o supresi\u00f3n de sus datos: en determinadas circunstancias, tiene derecho a rectificar aquellos datos personales que considere inexactos y que le conciernan, y que sean objeto de tratamiento por parte de COMOENCASA o incluso, a solicitar su supresi\u00f3n cuando, entre otros motivos, los datos ya no fueran necesarios para los fines que fueron recogidos.<\/li>\n\n\n\n<li>Solicitar la limitaci\u00f3n del tratamiento de sus datos: en determinadas circunstancias, tendr\u00e1 derecho a solicitarnos la limitaci\u00f3n del tratamiento de sus datos, en cuyo caso le informamos que \u00fanicamente los conservaremos para el ejercicio o defensa de reclamaciones tal y como queda previsto en el RGPD.<\/li>\n\n\n\n<li>A la portabilidad de sus datos: en determinadas circunstancias, tendr\u00e1 derecho a recibir los datos personales que le incumban, y que nos haya facilitado, en un formato estructurado de uso com\u00fan y lectura mec\u00e1nica, y a transmitirlos a otro responsable del tratamiento.<\/li>\n\n\n\n<li>Oponerse al tratamiento de sus datos: en determinadas circunstancias y por motivos relacionados con su situaci\u00f3n particular, tendr\u00e1 derecho a oponerse al tratamiento de sus datos, en cuyo caso, dejar\u00edamos de tratarlos salvo que, por motivos leg\u00edtimos imperiosos, o el ejercicio o la defensa de posibles reclamaciones.<\/li>\n\n\n\n<li>Asimismo, tiene derecho, en cualquier momento, a oponerse al env\u00edo de publicidad por medios electr\u00f3nicos que le enviemos, tanto propia como de terceros, y retirar cualquiera de sus consentimientos, sin que ello afecte a la licitud del tratamiento basado en el consentimiento previo a su retirada.<\/li>\n<\/ul>\n\n\n\n<p>Podr\u00e1 ejercer los derechos anteriormente descritos, mediante solicitud escrita por correo postal y acompa\u00f1ada de fotocopia de documento de identificaci\u00f3n (DNI, NIE, Pasaporte, etc.) dirigida a ARACELI CATERING COLECTIVIDADES Y EVENTOS SL., Avd. Col\u00f3n, 20, 06005 Badajoz indicando en el asunto \u201cProtecci\u00f3n de Datos\u00bb, o bien por correo electr\u00f3nico a trav\u00e9s del e-mail info@comoencasabadajoz.com<\/p>\n\n\n\n<p>Finalmente, le indicamos que puede presentar una reclamaci\u00f3n ante la Agencia Espa\u00f1ola de Protecci\u00f3n de Datos, especialmente cuando no haya obtenido satisfacci\u00f3n en el ejercicio de sus derechos.<\/p>\n\n\n\n<ul class=\"wp-block-list\">\n<li class=\"has-medium-font-size\"><strong>COOKIES<\/strong><\/li>\n<\/ul>\n\n\n\n<p>COMOENCASA \u00fanicamente utilizar\u00e1 dispositivos de almacenamiento y recuperaci\u00f3n de datos (&#8216;Cookies&#8217;) cuando el usuario haya dado su consentimiento previo para ello, de acuerdo con lo que se indica en la ventana emergente del navegador al acceder por primera vez al Sitio Web, y en los dem\u00e1s t\u00e9rminos y condiciones que se indican en la Pol\u00edtica de Cookies de COMOENCASA.<\/p>\n\n\n\n<ul class=\"wp-block-list\">\n<li class=\"has-medium-font-size\"><strong>TRATAMIENTO DE DATOS PERSONALES EN REDES SOCIALES&nbsp;<\/strong><\/li>\n<\/ul>\n\n\n\n<p>COMOENCASA tiene presencia en algunas de las principales redes sociales de Internet, y de las que act\u00faa como responsable del tratamiento en relaci\u00f3n con los datos publicados por COMOENCASA.<\/p>\n\n\n\n<p>COMOENCASA tratar\u00e1 los datos en cada red social seg\u00fan las normas establecidas al efecto por cada red social. Por tanto, y mientras no se manifieste lo contrario desde COMOENCASA podremos informar, a nuestros seguidores en la red social correspondiente, de nuestras actividades, eventos, y dem\u00e1s temas relacionados, incluida la atenci\u00f3n al seguidor, por los canales que la red social proporcione al efecto. COMOENCASA no extraer\u00e1 datos personales de las redes sociales, salvo que el usuario nos d\u00e9 su consentimiento expreso.<\/p>\n\n\n\n<ul class=\"wp-block-list\">\n<li class=\"has-medium-font-size\"><strong>MEDIDAS DE SEGURIDAD<\/strong><\/li>\n<\/ul>\n\n\n\n<p>COMOENCASA est\u00e1 comprometido con la protecci\u00f3n de los datos personales y la privacidad del usuario, y tratar\u00e1 sus datos en todo momento de forma absolutamente confidencial y guardando el preceptivo deber de secreto respecto de los mismos, de conformidad con lo previsto en la normativa de aplicaci\u00f3n, adoptando al efecto las medidas de \u00edndole t\u00e9cnica y organizativas necesarias que garanticen la seguridad de sus datos y eviten su alteraci\u00f3n, p\u00e9rdida, tratamiento o acceso no autorizado, habida cuenta de los riesgos a los que est\u00e1n expuestos y la tipolog\u00eda de los datos almacenados.<\/p>\n\n\n\n<ul class=\"wp-block-list\">\n<li class=\"has-medium-font-size\"><strong>CAMBIOS EN LA POL\u00cdTICA DE PRIVACIDAD<\/strong><\/li>\n<\/ul>\n\n\n\n<p>COMOENCASA, se reserva el derecho a modificar la presente Pol\u00edtica de Privacidad para adaptarla a novedades legislativas o jurisprudenciales. En dichos supuestos, COMOENCASA anunciar\u00e1 en esta p\u00e1gina los cambios introducidos con razonable antelaci\u00f3n a su puesta en pr\u00e1ctica.&nbsp;<\/p>\n\n\n\n<div style=\"height:100px\" aria-hidden=\"true\" class=\"wp-block-spacer\"><\/div>\n","protected":false},"excerpt":{"rendered":"<p>POL\u00cdTICA DE PRIVACIDAD&nbsp; Esta Pol\u00edtica de Privacidad est\u00e1 adaptada a la normativa espa\u00f1ola y europea vigente en materia de protecci\u00f3n de datos personales en internet. En concreto: CAREHO 2022 SL (en delante COMOENCASA) informa de su Pol\u00edtica de Privacidad, con el fin de hacer conocedores a los usuarios sobre el tratamiento de sus datos, as\u00ed [&hellip;]<\/p>\n","protected":false},"author":1,"featured_media":0,"parent":0,"menu_order":0,"comment_status":"closed","ping_status":"closed","template":"","meta":{"footnotes":""},"class_list":["post-3943","page","type-page","status-publish","hentry"],"_links":{"self":[{"href":"https:\/\/comoencasabadajoz.com\/index.php\/wp-json\/wp\/v2\/pages\/3943","targetHints":{"allow":["GET"]}}],"collection":[{"href":"https:\/\/comoencasabadajoz.com\/index.php\/wp-json\/wp\/v2\/pages"}],"about":[{"href":"https:\/\/comoencasabadajoz.com\/index.php\/wp-json\/wp\/v2\/types\/page"}],"author":[{"embeddable":true,"href":"https:\/\/comoencasabadajoz.com\/index.php\/wp-json\/wp\/v2\/users\/1"}],"replies":[{"embeddable":true,"href":"https:\/\/comoencasabadajoz.com\/index.php\/wp-json\/wp\/v2\/comments?post=3943"}],"version-history":[{"count":9,"href":"https:\/\/comoencasabadajoz.com\/index.php\/wp-json\/wp\/v2\/pages\/3943\/revisions"}],"predecessor-version":[{"id":4059,"href":"https:\/\/comoencasabadajoz.com\/index.php\/wp-json\/wp\/v2\/pages\/3943\/revisions\/4059"}],"wp:attachment":[{"href":"https:\/\/comoencasabadajoz.com\/index.php\/wp-json\/wp\/v2\/media?parent=3943"}],"curies":[{"name":"wp","href":"https:\/\/api.w.org\/{rel}","templated":true}]}}